{"id":883,"date":"2018-10-01T19:50:42","date_gmt":"2018-10-01T18:50:42","guid":{"rendered":"http:\/\/pepavanicek.eu\/?page_id=883"},"modified":"2026-02-25T20:58:37","modified_gmt":"2026-02-25T19:58:37","slug":"kontakt","status":"publish","type":"page","link":"https:\/\/pepavanicek.eu\/?page_id=883","title":{"rendered":"Kontakt"},"content":{"rendered":"<p><strong>PharmDr. Josef Van\u00ed\u010dek<\/strong><a href=\"http:\/\/pepavanicek.eu\/wp-content\/uploads\/2019\/04\/Image2-1.png\"><img loading=\"lazy\" decoding=\"async\" class=\"alignright wp-image-1045\" src=\"http:\/\/pepavanicek.eu\/wp-content\/uploads\/2019\/04\/Image2-1-210x300.png\" alt=\"\" width=\"455\" height=\"650\" srcset=\"https:\/\/pepavanicek.eu\/wp-content\/uploads\/2019\/04\/Image2-1-210x300.png 210w, https:\/\/pepavanicek.eu\/wp-content\/uploads\/2019\/04\/Image2-1-768x1097.png 768w, https:\/\/pepavanicek.eu\/wp-content\/uploads\/2019\/04\/Image2-1-717x1024.png 717w, https:\/\/pepavanicek.eu\/wp-content\/uploads\/2019\/04\/Image2-1.png 933w\" sizes=\"(max-width: 455px) 100vw, 455px\" \/><\/a><\/p>\n<p>telefon: 775 227 362<br \/>\ne-mail: info(at)pepavanicek.eu<\/p>\n<p>I\u010cO 04818351 (Podnikatel je zaps\u00e1n do \u017eivnostensk\u00e9ho rejst\u0159\u00edku. Nejsem pl\u00e1tce DPH.)<br \/>\nbankovn\u00ed spojen\u00ed: 2000827517\/2010 (Fio banka, a.s.)<\/p>\n<p><a href=\"https:\/\/www.firmy.cz\/detail\/12988986-pharmdr-josef-vanicek-liberec.html#hodnoceni\" target=\"_blank\" rel=\"noopener\"><img decoding=\"async\" src=\"https:\/\/www.firmy.cz\/img-stars\/light-12988986.svg\" alt=\"PharmDr. Josef Van\u00ed\u010dek na Firmy.cz\" \/><\/a><\/p>\n<p>social:<\/p>\n<p style=\"text-align: left;\"><a href=\"https:\/\/www.instagram.com\/pepavanicek\/\"><img loading=\"lazy\" decoding=\"async\" class=\"wp-image-2629 alignleft\" src=\"https:\/\/pepavanicek.eu\/wp-content\/uploads\/2026\/02\/images.jpg\" alt=\"\" width=\"27\" height=\"27\" srcset=\"https:\/\/pepavanicek.eu\/wp-content\/uploads\/2026\/02\/images.jpg 225w, https:\/\/pepavanicek.eu\/wp-content\/uploads\/2026\/02\/images-150x150.jpg 150w\" sizes=\"(max-width: 27px) 100vw, 27px\" \/><\/a> <a href=\"https:\/\/www.instagram.com\/pepavanicek\/\">pepavanicek<\/a><\/p>\n<p>dal\u0161\u00ed moje star\u0161\u00ed blogy:<br \/>\n<a href=\"http:\/\/pepavanicek.blogspot.com\/\">pepavanicek.blogspot.com<\/a><br \/>\n<a href=\"http:\/\/kreslimsi.blogspot.cz\/\">kreslimsi.blogspot.cz<\/a><br \/>\n<a href=\"http:\/\/malujusi.blogspot.cz\/\">malujusi.blogspot.cz<\/a><br \/>\n<a href=\"http:\/\/atelierpv.blogspot.com\/\">atelierpv.blogspot.com<\/a><br \/>\n<a href=\"http:\/\/didgeridoooo.blogspot.cz\/\">didgeridoooo.blogspot.cz<\/a><br \/>\n<a href=\"http:\/\/neleky.blogspot.cz\/\">neleky.blogspot.cz<\/a><\/p>\n","protected":false},"excerpt":{"rendered":"<p>PharmDr. Josef Van\u00ed\u010dek telefon: 775 227 362 e-mail: info(at)pepavanicek.eu I\u010cO 04818351 (Podnikatel je zaps\u00e1n do \u017eivnostensk\u00e9ho rejst\u0159\u00edku. Nejsem pl\u00e1tce DPH.) bankovn\u00ed spojen\u00ed: 2000827517\/2010 (Fio banka, a.s.) social: pepavanicek dal\u0161\u00ed moje star\u0161\u00ed blogy: pepavanicek.blogspot.com kreslimsi.blogspot.cz malujusi.blogspot.cz atelierpv.blogspot.com didgeridoooo.blogspot.cz neleky.blogspot.cz<\/p>\n","protected":false},"author":1,"featured_media":0,"parent":0,"menu_order":0,"comment_status":"closed","ping_status":"closed","template":"","meta":{"footnotes":""},"aioseo_notices":[],"_links":{"self":[{"href":"https:\/\/pepavanicek.eu\/index.php?rest_route=\/wp\/v2\/pages\/883"}],"collection":[{"href":"https:\/\/pepavanicek.eu\/index.php?rest_route=\/wp\/v2\/pages"}],"about":[{"href":"https:\/\/pepavanicek.eu\/index.php?rest_route=\/wp\/v2\/types\/page"}],"author":[{"embeddable":true,"href":"https:\/\/pepavanicek.eu\/index.php?rest_route=\/wp\/v2\/users\/1"}],"replies":[{"embeddable":true,"href":"https:\/\/pepavanicek.eu\/index.php?rest_route=%2Fwp%2Fv2%2Fcomments&post=883"}],"version-history":[{"count":3,"href":"https:\/\/pepavanicek.eu\/index.php?rest_route=\/wp\/v2\/pages\/883\/revisions"}],"predecessor-version":[{"id":2632,"href":"https:\/\/pepavanicek.eu\/index.php?rest_route=\/wp\/v2\/pages\/883\/revisions\/2632"}],"wp:attachment":[{"href":"https:\/\/pepavanicek.eu\/index.php?rest_route=%2Fwp%2Fv2%2Fmedia&parent=883"}],"curies":[{"name":"wp","href":"https:\/\/api.w.org\/{rel}","templated":true}]}}